{"id":1236,"date":"2023-06-26T09:01:00","date_gmt":"2023-06-26T07:01:00","guid":{"rendered":"https:\/\/www.simplifiedco.se\/?page_id=1236"},"modified":"2023-06-26T09:02:10","modified_gmt":"2023-06-26T07:02:10","slug":"integritetspolicy","status":"publish","type":"page","link":"https:\/\/www.simplifiedco.se\/de\/datenschutz-bestimmungen\/","title":{"rendered":"Datenschutz-Bestimmungen"},"content":{"rendered":"<div style=\"height:100px\" aria-hidden=\"true\" class=\"wp-block-spacer\"><\/div>\n\n\n\n<h2 class=\"wp-block-heading\">Datenschutz-Bestimmungen<\/h2>\n\n\n\n<blockquote class=\"wp-block-quote is-layout-flow wp-block-quote-is-layout-flow\">\n<p><strong>Vielen Dank f\u00fcr Ihr Interesse an Simplified Workforce Management und unseren Karrierem\u00f6glichkeiten. Der Schutz Ihrer Privatsph\u00e4re und personenbezogenen Daten ist uns wichtig. Bitte beachten Sie, dass diese Datenschutzerkl\u00e4rung nur f\u00fcr die Karriereseiten gilt.<\/strong><\/p>\n\n\n\n<p>Die \u00fcber unsere Karriereseiten erhobenen und verarbeiteten personenbezogenen Daten stehen nur ausgew\u00e4hlten Mitarbeitern von Simplified Workforce Management oder externen Personalvermittlern, die von Simplified Workforce Management ausgew\u00e4hlt wurden, und nur f\u00fcr Rekrutierungszwecke zur Verf\u00fcgung.<\/p>\n\n\n\n<p>Ihre personenbezogenen Daten werden vertraulich behandelt und von uns so lange gespeichert, wie dies f\u00fcr Zwecke der Personalbeschaffung erforderlich ist. Wenn Sie m\u00f6chten, dass Ihre personenbezogenen Daten korrigiert, aktualisiert, gel\u00f6scht oder in irgendeiner Weise eingeschr\u00e4nkt werden, kontaktieren Sie uns bitte.<\/p>\n\n\n\n<p>Sie k\u00f6nnen Ihr Profil auch jederzeit aktualisieren, indem Sie dem gleichen Verfahren wie bei der Registrierung einer neuen Anwendung folgen.<\/p>\n\n\n\n<p>Es werden geeignete technische und organisatorische Sicherheitsma\u00dfnahmen ergriffen und aufrechterhalten, um personenbezogene Daten vor zuf\u00e4lligem, rechtswidrigem oder unbefugtem Zugriff, Verwendung, Offenlegung, Ver\u00e4nderung, Zerst\u00f6rung oder Verlust personenbezogener Daten zu sch\u00fctzen.<\/p>\n\n\n\n<p>Alle \u00c4nderungen, die wir an unserer Datenschutzrichtlinie vornehmen, werden auf dieser Seite ver\u00f6ffentlicht. Bitte \u00fcberpr\u00fcfen Sie diese Datenschutzerkl\u00e4rung regelm\u00e4\u00dfig auf Aktualisierungen oder \u00c4nderungen.<\/p>\n<\/blockquote>\n\n\n\n<div style=\"height:100px\" aria-hidden=\"true\" class=\"wp-block-spacer\"><\/div>","protected":false},"excerpt":{"rendered":"<p>Datenschutzrichtlinie Vielen Dank f\u00fcr Ihr Interesse an Simplified Workforce Management und unseren Karrierem\u00f6glichkeiten. Der Schutz Ihrer Privatsph\u00e4re und personenbezogenen Daten ist uns wichtig. Bitte beachten Sie, dass diese Datenschutzerkl\u00e4rung nur f\u00fcr die Karriereseiten gilt. Die \u00fcber unsere Karriereseiten erhobenen und verarbeiteten personenbezogenen Daten sind nur ausgew\u00e4hlten Mitarbeitern von Simplified Workforce Management oder externen Personalvermittlern zug\u00e4nglich, [...]<\/p>","protected":false},"author":12,"featured_media":0,"parent":0,"menu_order":0,"comment_status":"closed","ping_status":"closed","template":"","meta":{"footnotes":""},"_links":{"self":[{"href":"https:\/\/www.simplifiedco.se\/de\/wp-json\/wp\/v2\/pages\/1236"}],"collection":[{"href":"https:\/\/www.simplifiedco.se\/de\/wp-json\/wp\/v2\/pages"}],"about":[{"href":"https:\/\/www.simplifiedco.se\/de\/wp-json\/wp\/v2\/types\/page"}],"author":[{"embeddable":true,"href":"https:\/\/www.simplifiedco.se\/de\/wp-json\/wp\/v2\/users\/12"}],"replies":[{"embeddable":true,"href":"https:\/\/www.simplifiedco.se\/de\/wp-json\/wp\/v2\/comments?post=1236"}],"version-history":[{"count":2,"href":"https:\/\/www.simplifiedco.se\/de\/wp-json\/wp\/v2\/pages\/1236\/revisions"}],"predecessor-version":[{"id":1238,"href":"https:\/\/www.simplifiedco.se\/de\/wp-json\/wp\/v2\/pages\/1236\/revisions\/1238"}],"wp:attachment":[{"href":"https:\/\/www.simplifiedco.se\/de\/wp-json\/wp\/v2\/media?parent=1236"}],"curies":[{"name":"wp","href":"https:\/\/api.w.org\/{rel}","templated":true}]}}